{"id":3072,"date":"2026-01-07T16:59:38","date_gmt":"2026-01-07T15:59:38","guid":{"rendered":"https:\/\/sapformacio.com\/?page_id=3072"},"modified":"2026-02-09T09:15:55","modified_gmt":"2026-02-09T08:15:55","slug":"avis-legal","status":"publish","type":"page","link":"https:\/\/sap.cecot.org\/ca\/avis-legal\/","title":{"rendered":"Av\u00eds Legal"},"content":{"rendered":"\n<p>El present Av\u00eds Legal estableix les condicions d\u2019\u00fas de la P\u00e0gina Web <a href=\"https:\/\/sap.cecot.org\/ca\/\">sap.cecot.org\/&nbsp;<\/a> (d\u2019ara endavant la P\u00e0gina Web). La utilitzaci\u00f3 de la mateixa atribueix al navegant la condici\u00f3 d\u2019Usuari, la qual cosa implica l\u2019adhesi\u00f3 i comprom\u00eds de compliment de totes i cadascuna de les condicions contingudes en aquest Av\u00eds Legal, en la versi\u00f3 publicada al moment en qu\u00e8 s\u2019accedeixi al mateix, per la qual cosa es recomana a l\u2019Usuari llegir aquest Av\u00eds Legal atentament cada vegada que accedeixi a la P\u00e0gina Web. Aquestes Condicions seran aplicables amb independ\u00e8ncia de l\u2019exist\u00e8ncia d\u2019altres condicions espec\u00edfiques aplicables a determinats serveis que es prestin a la P\u00e0gina Web.<\/p>\n\n\n\n<p><strong>Dades identificatives del prestador de serveis.<\/strong><\/p>\n\n\n\n<p>Denominaci\u00f3 Cecot, (d\u2019ara endavant Cecot)<\/p>\n\n\n\n<p>Domicili: C\/ Sant Pau, n\u00fam. 6, 08221, Terrassa, Barcelona<\/p>\n\n\n\n<p>CIF: G-58195686<\/p>\n\n\n\n<p>Associaci\u00f3 constitu\u00efda en data 06\/04\/1978 segons estatuts registrats amb el n\u00famero 967900043 en l\u2019Oficina P\u00fablica de dip\u00f2sit d\u2019estatuts d\u2019associacions sindicals i empresarials de la Direcci\u00f3 General de Relacions Laborals i Qualitat en el Treball de la Generalitat de Catalunya<\/p>\n\n\n\n<p>Contacte: Cecot agraeix anticipadament tota classe de suggeriments, rectificacions o comentaris que contribueixin a evitar o esmenar qualsevol tipus d\u2019incid\u00e8ncia o irregularitat a la P\u00e0gina Web de la manera m\u00e9s r\u00e0pida i eficient possible. Tals comunicacions es poden enviar per e-mail\u00a0<a href=\"mailto:info@cecot.org\">info@<\/a><a href=\"mailto:info@cecot.org\" rel=\"nofollow\">cecot<\/a><a href=\"mailto:info@cecot.org\">.org<\/a>.<\/p>\n\n\n\n<p><strong>Termes i condicions d\u2019\u00fas.<\/strong><\/p>\n\n\n\n<p>Els termes i condicions recollits en el present Av\u00eds Legal seran aplicable a totes aquelles p\u00e0gines que figuren dins del Mapa del Lloc, que s\u00f3n les \u00faniques compreses en aquesta P\u00e0gina Web.<\/p>\n\n\n\n<p>L\u2019acc\u00e9s a aquesta P\u00e0gina Web \u00e9s responsabilitat exclusiva dels Usuaris i suposa acceptar els presents termes i condicions d\u2019\u00fas. La utilitzaci\u00f3 de determinats serveis implicar\u00e0 aix\u00ed mateix l\u2019acceptaci\u00f3, sense reserva alguna, de les normes particulars o instruccions que Cecot pogu\u00e9s establir a qualsevol moment amb car\u00e0cter espec\u00edfic, substitutiu o complementari al de les presents condicions generals.<\/p>\n\n\n\n<p>L\u2019Usuari ha de realitzar un \u00fas l\u00edcit de la present P\u00e0gina Web i els seus serveis d\u2019acord als presents termes i condicions d\u2019\u00fas i a la legalitat vigent.<\/p>\n\n\n\n<p>Cecot podr\u00e0 modificar unilateralment els termes i condicions d\u2019\u00fas d\u2019aquesta P\u00e0gina Web mitjan\u00e7ant la seva publicaci\u00f3 en aquest av\u00eds legal, i produiran efectes des del mateix moment de la seva publicaci\u00f3.<\/p>\n\n\n\n<p><strong>Navegaci\u00f3.<\/strong><\/p>\n\n\n\n<p>Tot i havent adoptat les mesures t\u00e8cniques al seu abast, Cecot no es responsabilitza ni garanteix que l\u2019acc\u00e9s a la P\u00e0gina Web sigui ininterromput o que estigui lliure d\u2019error. Tampoc es responsabilitza o garanteix que el contingut o programari al que pugui accedir-se a trav\u00e9s de la P\u00e0gina Web, estigui lliure d\u2019error o causi un dany. En cap cas, Cecot ser\u00e0 responsable per les p\u00e8rdues, danys o perjudicis de qualsevol tipus que sorgeixin per l\u2019acc\u00e9s i navegaci\u00f3 per la P\u00e0gina Web, incloent-se, per\u00f2 no limitant-se, als ocasionats als sistemes inform\u00e0tics o els provocats per la introducci\u00f3 de virus.<\/p>\n\n\n\n<p>Cecot no es fa responsable dels danys que poguessin ocasionar-se als Usuaris per un \u00fas inadequat de la P\u00e0gina Web. En particular, no es fa responsable de cap manera de les caigudes, interrupcions, falta o defecte de les telecomunicacions que poguessin oc\u00f3rrer mentre l\u2019Usuari navega per ella.<\/p>\n\n\n\n<p><strong>Acc\u00e9s i seguretat<\/strong>.<\/p>\n\n\n\n<p>L\u2019acc\u00e9s als serveis transaccionals i aquells que inclouen la captura de dades personals es realitza en un entorn segur utilitzant protocol SSL (Secure Socker Layer) de 128 bits. El servidor segur estableix una connexi\u00f3 de manera que la informaci\u00f3 es transmet xifrada. Aix\u00f2 assegura que el contingut transm\u00e8s \u00e9s nom\u00e9s intel\u00b7ligible per a l\u2019ordinador client i el servidor de Cecot. L\u2019Usuari pot comprovar que es troba dins d\u2019un entorn segur si en la barra d\u2019estat del seu navegador apareix un cadenat tancat. La garantia de seguretat dels nostres servidors ve recolzada per un certificat expedit el nostre prove\u00efdor de serveis Web. Aquest certificat garanteix que el client est\u00e0 comunicant les seves dades a un servidor de Cecot i no a un tercer que intent\u00e9s fer-se passar per aquesta.<\/p>\n\n\n\n<p><strong>Continguts.<\/strong><\/p>\n\n\n\n<p>Cecot realitza els m\u00e0xims esfor\u00e7os per evitar qualsevol error en els continguts que poguessin apar\u00e8ixer a la P\u00e0gina Web.<\/p>\n\n\n\n<p>Cecot no garanteix, ni es responsabilitza de les conseq\u00fc\u00e8ncies que poguessin derivar-se dels errors en els continguts que poguessin apar\u00e8ixer a la P\u00e0gina Web.<\/p>\n\n\n\n<p><strong>Actualitat i Modificacions a la P\u00e0gina Web.<\/strong><\/p>\n\n\n\n<p>La informaci\u00f3 que apareix a la P\u00e0gina Web \u00e9s la vigent en la data de la seva \u00faltima actualitzaci\u00f3. Cecot no es fa responsable de l\u2019actualitat i idone\u00eftat de les informacions contingudes en la mateixa.<\/p>\n\n\n\n<p>No es podr\u00e0 alterar, canviar, modificar, o adaptar la P\u00e0gina Web per part de l\u2019Usuari. Cecot es reserva la facultat d\u2019efectuar quantes actualitzacions, canvis i modificacions estimi convenients, podent fer \u00fas de tal facultat a qualsevol moment i sense previ av\u00eds.<\/p>\n\n\n\n<p><strong>Blog i F\u00f2rums d\u2019Opini\u00f3.<\/strong><\/p>\n\n\n\n<p>Els missatges, comentaris, dades o opinions abocades en el Blog o f\u00f2rums d\u2019opini\u00f3 que puguin habilitar-se a la P\u00e0gina Web s\u00f3n emmagatzemats tal qual, per a l\u2019\u00fanic servei al que estan destinats, que \u00e9s el d\u2019informar, opinar i servir de contacte entre Usuaris. Cecot no es fa responsable ni s\u2019identifica amb els comentaris o opinions abocades en els f\u00f2rums per part de cap Usuari.<\/p>\n\n\n\n<p>No s\u2019admetran intervencions en el Blog o en els f\u00f2rums amb refer\u00e8ncies a temes racistes o sexistes, ni s\u2019admetr\u00e0 cap intervenci\u00f3 que derivi en aspectes personals, ja sigui mitjan\u00e7ant insults, comentaris, cr\u00edtiques no constructives o meres al\u00b7lusions que puguin atemptar contra el dret a la privadesa dels Usuaris d\u2019aquesta web o de persones o entitats alienes a ella. Qualsevol Usuari podr\u00e0 informar de l\u2019exist\u00e8ncia d\u2019aquest tipus d\u2019intervencions informant en\u00a0<a href=\"mailto:info@cecot.org\">info@<\/a><a href=\"mailto:info@cecot.org\" rel=\"nofollow\">cecot<\/a><a href=\"mailto:info@cecot.org\">.org<\/a>.<\/p>\n\n\n\n<p>No est\u00e0 perm\u00e8s fer \u00fas del Blog o f\u00f2rum per realitzar spam, publicitat&nbsp;<em>off-topic,<\/em>&nbsp;captar adreces d\u2019e-mail o qualsevol tipus d\u2019acci\u00f3 il\u00b7legal.<\/p>\n\n\n\n<p>La responsabilitat sobre la informaci\u00f3 i sobre les activitats dutes a terme en el f\u00f2rum s\u00f3n exclusivament de l\u2019Usuari, eximint a Cecot de qualsevol responsabilitat que tinguin origen en les mateixes si aquestes s\u00f3n il\u00b7l\u00edcites o lesionen b\u00e9ns o drets d\u2019un tercer. Cecot es reserva el dret d\u2019anul\u00b7lar, cancel\u00b7lar, esborrar qualsevol comentari o denegar l\u2019acc\u00e9s a qualsevol Usuari que incompleixi aquesta normativa o sigui il\u00b7legal. No obstant aix\u00f2, de conformitat amb l\u2019article 16 de la Llei 34\/2002, d\u201911 de juliol, de Serveis de la Societat de la Informaci\u00f3 i de Comer\u00e7 Electr\u00f2nic, Cecot no \u00e9s responsable per la informaci\u00f3 o comentaris inclosos pels Usuaris.<\/p>\n\n\n\n<p>Quan Cecot tingui coneixement efectiu que l\u2019activitat o la informaci\u00f3 emmagatzemada \u00e9s il\u00b7l\u00edcita o que lesiona b\u00e9ns o drets d\u2019un tercer els retirar\u00e0 de manera immediata.<\/p>\n\n\n\n<p>Est\u00e0 prohibida la reproducci\u00f3 dels continguts del Blog o f\u00f2rum d\u2019opini\u00f3 sense pr\u00e8via autoritzaci\u00f3.<\/p>\n\n\n\n<p><strong>Propietat Intel\u00b7lectual i Industrial.<\/strong><\/p>\n\n\n\n<p>Aquesta P\u00e0gina Web, el seu codi font i els continguts que es troben protegits per la Llei de Propietat Intel\u00b7lectual. No podran ser objecte d\u2019explotaci\u00f3, reproducci\u00f3, distribuci\u00f3, modificaci\u00f3, comunicaci\u00f3 p\u00fablica, cessi\u00f3 o transformaci\u00f3, tret que intervingui autoritzaci\u00f3 expressa dels titulars dels drets.<\/p>\n\n\n\n<p>El disseny, imatges, r\u00e8tols, signes distintius, nom comercial, les marques, logos, productes i serveis que cont\u00e9 aquesta P\u00e0gina Web es troben protegits per llei de Propietat Industrial.<\/p>\n\n\n\n<p>Cecot \u00e9s titular o llicenciatari de tots els drets sobre el contingut d\u2019aquesta P\u00e0gina Web i posseeix leg\u00edtimament en exclusiva els drets d\u2019explotaci\u00f3 sobre els mateixos, excepte aquells drets de determinats prove\u00efdors amb les quals s\u2019hagi signat el corresponent contracte per a la provisi\u00f3 de continguts i estan protegits per les normes nacionals i internacionals de propietat intel\u00b7lectual i industrial i els seran aplicable, igualment, les presents condicions.<\/p>\n\n\n\n<p>L\u2019acc\u00e9s a aquesta P\u00e0gina Web no atorga als Usuaris dret, ni titularitat alguna sobre els drets de propietat intel\u00b7lectual o industrial ni dels continguts que alberga. Els Usuaris que accedeixin a aquesta P\u00e0gina Web no podran copiar, modificar, distribuir, transmetre, reproduir, publicar, cedir ni vendre els elements anteriorment esmentats o crear nous productes o serveis derivats de la informaci\u00f3 obtinguda sense que intervingui autoritzaci\u00f3 expressa i per escrit dels titulars dels drets.<\/p>\n\n\n\n<p>Queda terminantment prohibida l\u2019alteraci\u00f3 del contingut o estructura d\u2019aquesta P\u00e0gina Web per part de l\u2019Usuari.<\/p>\n\n\n\n<p>En el cas que vost\u00e8 envi\u00ef informaci\u00f3 de qualsevol tipus a Cecot, declara, garanteix i accepta que t\u00e9 dret a fer-ho lliurement, que aquesta informaci\u00f3 no infringeix cap dret de propietat intel\u00b7lectual, de marca, de patent, secret comercial, o qualsevol altre dret de tercer, que aquesta informaci\u00f3 no t\u00e9 car\u00e0cter confidencial i que aquesta informaci\u00f3 no \u00e9s perjudicial per a tercers.<\/p>\n\n\n\n<p>Cecot es reserva la possibilitat d\u2019exercir les accions judicials que corresponguin contra els Usuaris que violin o infringeixin els drets de propietat intel\u00b7lectual i industrial.<\/p>\n\n\n\n<p><strong>Hipervincles.<\/strong><\/p>\n\n\n\n<p>La P\u00e0gina Web podr\u00e0 incorporar enlla\u00e7os d\u2019acc\u00e9s (hipervincles o links) a altres p\u00e0gines web de les quals Cecot no \u00e9s titular. En cap cas, aquesta possibilitat implicar\u00e0 l\u2019exist\u00e8ncia de relaci\u00f3 entre Cecot i el titular de la Web a la qual aquest hipervincle redirigeix, ni tan sols la seva aprovaci\u00f3 o acceptaci\u00f3. Cecot tampoc ser\u00e0 responsable de la licitud dels continguts abocats en la mateixa.<\/p>\n\n\n\n<p>Qualsevol altra Web tindr\u00e0 prohibida la incorporaci\u00f3 d\u2019un hipervincle a la P\u00e0gina Web de Cecot, sense la seva expressa autoritzaci\u00f3. En qualsevol cas, aquesta autoritzaci\u00f3 implicar\u00e0 que l\u2019hipervincle no es faci de manera que perjudiqui la imatge p\u00fablica i de marca de Cecot o de la pr\u00f2pia P\u00e0gina Web, aix\u00ed com dels tercers que apareguin referenciats en aquesta.<\/p>\n\n\n\n<p>Cecot retirar\u00e0 qualsevol enlla\u00e7 quan tingui coneixement per qualsevol mitj\u00e0 de la il\u00b7licitud del seu contingut o que des dels mateixos es lesionen b\u00e9ns o drets d\u2019un tercer.<\/p>\n\n\n\n<p><strong>Pol\u00edtica de privadesa de la p\u00e0gina web.<\/strong><\/p>\n\n\n\n<p>Per a m\u00e9s informaci\u00f3 sobre la nostra pol\u00edtica de protecci\u00f3 de dades i privadesa consulti la nostra\u00a0<a href=\"https:\/\/sap.cecot.org\/ca\/politica-privadesa\/\" type=\"page\" id=\"3015\" rel=\"nofollow\">Pol\u00edtica <\/a><a href=\"https:\/\/sap.cecot.org\/ca\/politica-privadesa\/\" type=\"page\" id=\"3015\">de Privadesa<\/a>.<\/p>\n\n\n\n<p><strong>\u00das de cookies.<\/strong><\/p>\n\n\n\n<p>Per a la utilitzaci\u00f3 de la nostra P\u00e0gina Web \u00e9s necess\u00e0ria la utilitzaci\u00f3 de cookies. Les cookies s\u2019utilitzen amb la finalitat de facilitar la navegaci\u00f3 i oferir un servei personalitzat i m\u00e9s \u00e0gil, aix\u00ed com una eina estad\u00edstica per obtenir dades estad\u00edstiques de l\u2019\u00fas de la web. En cap cas s\u2019utilitzen per emmagatzemar informaci\u00f3 que pugui identificar a l\u2019Usuari. Per a m\u00e9s informaci\u00f3, consulti la nostra\u00a0<a href=\"http:\/\/institucional.cecot.org\/Politica-de-Cookies\" rel=\"nofollow\">Pol\u00edtica <\/a><a href=\"http:\/\/institucional.cecot.org\/Politica-de-Cookies\">de <\/a><a href=\"https:\/\/sap.cecot.org\/ca\/politica-cookies\/\" type=\"page\" id=\"3017\">Cookies<\/a><a href=\"http:\/\/institucional.cecot.org\/Politica-de-Cookies\">.<\/a><\/p>\n\n\n\n<p><strong>Legislaci\u00f3 aplicable i jurisdicci\u00f3 competent.<\/strong><\/p>\n\n\n\n<p>Els termes i condicions que regeixen la P\u00e0gina Web i totes les relacions que poguessin derivar-se es troben salvaguardades per la legislaci\u00f3 espanyola.<\/p>\n\n\n\n<p>Qualsevol controv\u00e8rsia que pogu\u00e9s derivar-se de l\u2019acc\u00e9s o la utilitzaci\u00f3 de la P\u00e0gina Web se sotmet a l\u2019exclusiva jurisdicci\u00f3 dels Jutjats i Tribunals de TERRASA (BARCELONA).<\/p>\n\n\n\n<p>\u00a9 Cecot 2018<\/p>\n\n\n\n<p>Tots els drets reservats.<\/p>\n","protected":false},"excerpt":{"rendered":"<p>El present Av\u00eds Legal estableix les condicions d\u2019\u00fas de la P\u00e0gina Web sap.cecot.org\/&nbsp; (d\u2019ara endavant la P\u00e0gina Web). La utilitzaci\u00f3 de la mateixa atribueix al navegant la condici\u00f3 d\u2019Usuari, la qual cosa implica l\u2019adhesi\u00f3 i comprom\u00eds de compliment de totes i cadascuna de les condicions contingudes en aquest Av\u00eds Legal, en la versi\u00f3 publicada alSaber-ne m\u00e9s<\/p>\n","protected":false},"author":5,"featured_media":3273,"parent":0,"menu_order":0,"comment_status":"closed","ping_status":"closed","template":"","meta":{"_et_pb_use_builder":"off","_et_pb_old_content":"","_et_gb_content_width":"","inline_featured_image":false,"footnotes":""},"class_list":["post-3072","page","type-page","status-publish","has-post-thumbnail","hentry"],"yoast_head":"<!-- This site is optimized with the Yoast SEO plugin v27.1.1 - https:\/\/yoast.com\/product\/yoast-seo-wordpress\/ -->\n<title>Av\u00eds Legal | Cecot \u00b7 SAP<\/title>\n<meta name=\"robots\" content=\"index, nofollow, max-snippet:-1, max-image-preview:large, max-video-preview:-1\" \/>\n<link rel=\"canonical\" href=\"https:\/\/sap.cecot.org\/ca\/avis-legal\/\" \/>\n<meta property=\"og:locale\" content=\"ca_ES\" \/>\n<meta property=\"og:type\" content=\"article\" \/>\n<meta property=\"og:title\" content=\"Av\u00eds Legal | Cecot \u00b7 SAP\" \/>\n<meta property=\"og:description\" content=\"El present Av\u00eds Legal estableix les condicions d\u2019\u00fas de la P\u00e0gina Web sap.cecot.org\/&nbsp; (d\u2019ara endavant la P\u00e0gina Web). La utilitzaci\u00f3 de la mateixa atribueix al navegant la condici\u00f3 d\u2019Usuari, la qual cosa implica l\u2019adhesi\u00f3 i comprom\u00eds de compliment de totes i cadascuna de les condicions contingudes en aquest Av\u00eds Legal, en la versi\u00f3 publicada alSaber-ne m\u00e9s\" \/>\n<meta property=\"og:url\" content=\"https:\/\/sap.cecot.org\/ca\/avis-legal\/\" \/>\n<meta property=\"og:site_name\" content=\"Cecot \u00b7 SAP\" \/>\n<meta property=\"article:modified_time\" content=\"2026-02-09T08:15:55+00:00\" \/>\n<meta property=\"og:image\" content=\"https:\/\/sap.cecot.org\/wp-content\/uploads\/2026\/01\/cecot-sap-banner-general.jpg\" \/>\n\t<meta property=\"og:image:width\" content=\"600\" \/>\n\t<meta property=\"og:image:height\" content=\"338\" \/>\n\t<meta property=\"og:image:type\" content=\"image\/jpeg\" \/>\n<meta name=\"twitter:card\" content=\"summary_large_image\" \/>\n<meta name=\"twitter:label1\" content=\"Temps estimat de lectura\" \/>\n\t<meta name=\"twitter:data1\" content=\"8 minuts\" \/>\n<!-- \/ Yoast SEO plugin. -->","yoast_head_json":{"title":"Av\u00eds Legal | Cecot \u00b7 SAP","robots":{"index":"index","follow":"nofollow","max-snippet":"max-snippet:-1","max-image-preview":"max-image-preview:large","max-video-preview":"max-video-preview:-1"},"canonical":"https:\/\/sap.cecot.org\/ca\/avis-legal\/","og_locale":"ca_ES","og_type":"article","og_title":"Av\u00eds Legal | Cecot \u00b7 SAP","og_description":"El present Av\u00eds Legal estableix les condicions d\u2019\u00fas de la P\u00e0gina Web sap.cecot.org\/&nbsp; (d\u2019ara endavant la P\u00e0gina Web). La utilitzaci\u00f3 de la mateixa atribueix al navegant la condici\u00f3 d\u2019Usuari, la qual cosa implica l\u2019adhesi\u00f3 i comprom\u00eds de compliment de totes i cadascuna de les condicions contingudes en aquest Av\u00eds Legal, en la versi\u00f3 publicada alSaber-ne m\u00e9s","og_url":"https:\/\/sap.cecot.org\/ca\/avis-legal\/","og_site_name":"Cecot \u00b7 SAP","article_modified_time":"2026-02-09T08:15:55+00:00","og_image":[{"width":600,"height":338,"url":"https:\/\/sap.cecot.org\/wp-content\/uploads\/2026\/01\/cecot-sap-banner-general.jpg","type":"image\/jpeg"}],"twitter_card":"summary_large_image","twitter_misc":{"Temps estimat de lectura":"8 minuts"},"schema":{"@context":"https:\/\/schema.org","@graph":[{"@type":"WebPage","@id":"https:\/\/sap.cecot.org\/ca\/avis-legal\/","url":"https:\/\/sap.cecot.org\/ca\/avis-legal\/","name":"Av\u00eds Legal | Cecot \u00b7 SAP","isPartOf":{"@id":"https:\/\/sap.cecot.org\/#website"},"primaryImageOfPage":{"@id":"https:\/\/sap.cecot.org\/ca\/avis-legal\/#primaryimage"},"image":{"@id":"https:\/\/sap.cecot.org\/ca\/avis-legal\/#primaryimage"},"thumbnailUrl":"https:\/\/sap.cecot.org\/wp-content\/uploads\/2026\/01\/cecot-sap-banner-general.jpg","datePublished":"2026-01-07T15:59:38+00:00","dateModified":"2026-02-09T08:15:55+00:00","breadcrumb":{"@id":"https:\/\/sap.cecot.org\/ca\/avis-legal\/#breadcrumb"},"inLanguage":"ca","potentialAction":[{"@type":"ReadAction","target":["https:\/\/sap.cecot.org\/ca\/avis-legal\/"]}]},{"@type":"ImageObject","inLanguage":"ca","@id":"https:\/\/sap.cecot.org\/ca\/avis-legal\/#primaryimage","url":"https:\/\/sap.cecot.org\/wp-content\/uploads\/2026\/01\/cecot-sap-banner-general.jpg","contentUrl":"https:\/\/sap.cecot.org\/wp-content\/uploads\/2026\/01\/cecot-sap-banner-general.jpg","width":600,"height":338,"caption":"Cecot \u00b7 SAP | Formaci\u00f3n Oficial"},{"@type":"BreadcrumbList","@id":"https:\/\/sap.cecot.org\/ca\/avis-legal\/#breadcrumb","itemListElement":[{"@type":"ListItem","position":1,"name":"Portada","item":"https:\/\/sap.cecot.org\/"},{"@type":"ListItem","position":2,"name":"Av\u00eds Legal"}]},{"@type":"WebSite","@id":"https:\/\/sap.cecot.org\/#website","url":"https:\/\/sap.cecot.org\/","name":"Cecot \u00b7 SAP","description":"Forma\u2019t i certifica\u2019t a SAP i impulsa la teva carrera","publisher":{"@id":"https:\/\/sap.cecot.org\/#organization"},"alternateName":"Cecot \u00b7 SAP","potentialAction":[{"@type":"SearchAction","target":{"@type":"EntryPoint","urlTemplate":"https:\/\/sap.cecot.org\/?s={search_term_string}"},"query-input":{"@type":"PropertyValueSpecification","valueRequired":true,"valueName":"search_term_string"}}],"inLanguage":"ca"},{"@type":"Organization","@id":"https:\/\/sap.cecot.org\/#organization","name":"Cecot \u00b7 SAP | Formaci\u00f3n Oficial","alternateName":"Cecot \u00b7 SAP","url":"https:\/\/sap.cecot.org\/","logo":{"@type":"ImageObject","inLanguage":"ca","@id":"https:\/\/sap.cecot.org\/#\/schema\/logo\/image\/","url":"https:\/\/sap.cecot.org\/wp-content\/uploads\/2025\/11\/cecot-sap-1.png","contentUrl":"https:\/\/sap.cecot.org\/wp-content\/uploads\/2025\/11\/cecot-sap-1.png","width":388,"height":91,"caption":"Cecot \u00b7 SAP | Formaci\u00f3n Oficial"},"image":{"@id":"https:\/\/sap.cecot.org\/#\/schema\/logo\/image\/"}}]}},"_links":{"self":[{"href":"https:\/\/sap.cecot.org\/ca\/wp-json\/wp\/v2\/pages\/3072","targetHints":{"allow":["GET"]}}],"collection":[{"href":"https:\/\/sap.cecot.org\/ca\/wp-json\/wp\/v2\/pages"}],"about":[{"href":"https:\/\/sap.cecot.org\/ca\/wp-json\/wp\/v2\/types\/page"}],"author":[{"embeddable":true,"href":"https:\/\/sap.cecot.org\/ca\/wp-json\/wp\/v2\/users\/5"}],"replies":[{"embeddable":true,"href":"https:\/\/sap.cecot.org\/ca\/wp-json\/wp\/v2\/comments?post=3072"}],"version-history":[{"count":7,"href":"https:\/\/sap.cecot.org\/ca\/wp-json\/wp\/v2\/pages\/3072\/revisions"}],"predecessor-version":[{"id":4925,"href":"https:\/\/sap.cecot.org\/ca\/wp-json\/wp\/v2\/pages\/3072\/revisions\/4925"}],"wp:featuredmedia":[{"embeddable":true,"href":"https:\/\/sap.cecot.org\/ca\/wp-json\/wp\/v2\/media\/3273"}],"wp:attachment":[{"href":"https:\/\/sap.cecot.org\/ca\/wp-json\/wp\/v2\/media?parent=3072"}],"curies":[{"name":"wp","href":"https:\/\/api.w.org\/{rel}","templated":true}]}}