{"id":3272,"date":"2025-07-10T13:45:12","date_gmt":"2025-07-10T11:45:12","guid":{"rendered":"https:\/\/sap.cecot.org\/actualitat-sap-cecot-noticies-i-formacio-a-sap\/"},"modified":"2026-04-24T14:45:35","modified_gmt":"2026-04-24T12:45:35","slug":"actualitat","status":"publish","type":"page","link":"https:\/\/sap.cecot.org\/ca\/actualitat\/","title":{"rendered":"Actualitat SAP Cecot | Not\u00edcies i formaci\u00f3 a SAP"},"content":{"rendered":"<p>[et_pb_section fb_built=&#8221;1&#8243; admin_label=&#8221;menu&#8221; _builder_version=&#8221;4.27.2&#8243; _module_preset=&#8221;default&#8221; custom_padding=&#8221;0px||0px||false|false&#8221; da_disable_devices=&#8221;off|off|off&#8221; collapsed=&#8221;off&#8221; global_colors_info=&#8221;{}&#8221; da_is_popup=&#8221;off&#8221; da_exit_intent=&#8221;off&#8221; da_has_close=&#8221;on&#8221; da_alt_close=&#8221;off&#8221; da_dark_close=&#8221;off&#8221; da_not_modal=&#8221;on&#8221; da_is_singular=&#8221;off&#8221; da_with_loader=&#8221;off&#8221; da_has_shadow=&#8221;on&#8221;][et_pb_row _builder_version=&#8221;4.27.5&#8243; _module_preset=&#8221;default&#8221; custom_padding=&#8221;||40px||false|false&#8221; global_colors_info=&#8221;{}&#8221;][et_pb_column type=&#8221;4_4&#8243; _builder_version=&#8221;4.27.5&#8243; _module_preset=&#8221;default&#8221; global_colors_info=&#8221;{}&#8221;][et_pb_heading title=&#8221;Actualitat&#8221; url=&#8221;@ET-DC@eyJkeW5hbWljIjp0cnVlLCJjb250ZW50IjoicG9zdF9saW5rX3VybCIsInNldHRpbmdzIjp7ImVuYWJsZV9odG1sIjoib2ZmIn19@&#8221; module_class=&#8221;suisse-intl-medium&#8221; _builder_version=&#8221;4.27.5&#8243; _dynamic_attributes=&#8221;url&#8221; _module_preset=&#8221;default&#8221; title_font=&#8221;&#8211;et_global_heading_font|500|||||||&#8221; title_text_align=&#8221;center&#8221; title_text_color=&#8221;#000000&#8243; title_font_size=&#8221;50px&#8221; title_line_height=&#8221;1.2em&#8221; custom_margin=&#8221;||0px||false|false&#8221; custom_padding=&#8221;||0px||false|false&#8221; custom_css_before=&#8221;content&#8221; border_color_bottom=&#8221;#043ea7&#8243; global_colors_info=&#8221;{%22gcid-primary-color%22:%91%22border_color_bottom%22%93}&#8221; title_text_color__hover=&#8221;#000000&#8243; title_text_color__hover_enabled=&#8221;on|hover&#8221; border_color_bottom__hover=&#8221;#000000&#8243; border_color_bottom__hover_enabled=&#8221;on|hover&#8221;][\/et_pb_heading][et_pb_text _builder_version=&#8221;4.27.4&#8243; _dynamic_attributes=&#8221;content&#8221; _module_preset=&#8221;default&#8221; text_text_color=&#8221;#000000&#8243; text_font_size=&#8221;20px&#8221; text_orientation=&#8221;center&#8221; custom_margin=&#8221;4px||14px||false|false&#8221; custom_padding=&#8221;0px||0px||true|false&#8221; global_colors_info=&#8221;{}&#8221;]@ET-DC@eyJkeW5hbWljIjp0cnVlLCJjb250ZW50IjoiY3VycmVudF9kYXRlIiwic2V0dGluZ3MiOnsiYmVmb3JlIjoiIiwiYWZ0ZXIiOiIiLCJkYXRlX2Zvcm1hdCI6ImN1c3RvbSIsImN1c3RvbV9kYXRlX2Zvcm1hdCI6ImogXFxkXFxlIEYgXFxkXFxlIFkiLCJlbmFibGVfaHRtbCI6Im9mZiJ9fQ==@[\/et_pb_text][et_pb_search exclude_pages=&#8221;on&#8221; exclude_posts=&#8221;on&#8221; _builder_version=&#8221;4.27.5&#8243; _module_preset=&#8221;default&#8221; max_width=&#8221;300px&#8221; module_alignment=&#8221;center&#8221; global_colors_info=&#8221;{}&#8221;][\/et_pb_search][\/et_pb_column][\/et_pb_row][\/et_pb_section][et_pb_section fb_built=&#8221;1&#8243; disabled_on=&#8221;off|off|off&#8221; admin_label=&#8221;Cap\u00e7alera&#8221; _builder_version=&#8221;4.27.5&#8243; _module_preset=&#8221;default&#8221; custom_margin=&#8221;0px||0px||false|false&#8221; custom_padding=&#8221;0px||0px||false|false&#8221; da_disable_devices=&#8221;off|off|off&#8221; collapsed=&#8221;off&#8221; global_colors_info=&#8221;{}&#8221; da_is_popup=&#8221;off&#8221; da_exit_intent=&#8221;off&#8221; da_has_close=&#8221;on&#8221; da_alt_close=&#8221;off&#8221; da_dark_close=&#8221;off&#8221; da_not_modal=&#8221;on&#8221; da_is_singular=&#8221;off&#8221; da_with_loader=&#8221;off&#8221; da_has_shadow=&#8221;on&#8221;][et_pb_row _builder_version=&#8221;4.27.5&#8243; _module_preset=&#8221;default&#8221; width=&#8221;85%&#8221; max_width=&#8221;1080px&#8221; custom_margin=&#8221;0px||0px||true|false&#8221; custom_padding=&#8221;0px||0px||true|false&#8221; global_colors_info=&#8221;{%22gcid-19cc8b50-e2cd-4261-9821-2334e68c8c13%22:%91%22border_color_bottom%22%93}&#8221;][et_pb_column type=&#8221;4_4&#8243; _builder_version=&#8221;4.24.2&#8243; _module_preset=&#8221;default&#8221; global_colors_info=&#8221;{}&#8221;][et_pb_blog posts_number=&#8221;3&#8243; include_categories=&#8221;9&#8243; excerpt_length=&#8221;230&#8243; show_author=&#8221;off&#8221; show_date=&#8221;off&#8221; show_categories=&#8221;off&#8221; show_excerpt=&#8221;off&#8221; show_pagination=&#8221;off&#8221; admin_label=&#8221;Publicacions&#8221; module_class=&#8221;grid-categoria&#8221; _builder_version=&#8221;4.27.5&#8243; _module_preset=&#8221;default&#8221; header_level=&#8221;h3&#8243; header_font=&#8221;&#8211;et_global_heading_font|500|||||||&#8221; header_font_size=&#8221;25px&#8221; header_line_height=&#8221;1.3em&#8221; custom_margin=&#8221;||10px||false|false&#8221; header_font_size_tablet=&#8221;20px&#8221; header_font_size_phone=&#8221;20px&#8221; header_font_size_last_edited=&#8221;on|phone&#8221; global_colors_info=&#8221;{}&#8221;][\/et_pb_blog][\/et_pb_column][\/et_pb_row][et_pb_row _builder_version=&#8221;4.27.4&#8243; _module_preset=&#8221;default&#8221; width=&#8221;85%&#8221; max_width=&#8221;1080px&#8221; custom_margin=&#8221;0px||50px||false|false&#8221; custom_padding=&#8221;0px||0px||true|false&#8221; global_colors_info=&#8221;{}&#8221;][et_pb_column type=&#8221;4_4&#8243; _builder_version=&#8221;4.27.4&#8243; _module_preset=&#8221;default&#8221; global_colors_info=&#8221;{}&#8221;][et_pb_blog posts_number=&#8221;99&#8243; excerpt_length=&#8221;230&#8243; show_author=&#8221;off&#8221; show_date=&#8221;off&#8221; show_categories=&#8221;off&#8221; show_excerpt=&#8221;off&#8221; show_pagination=&#8221;off&#8221; offset_number=&#8221;-3&#8243; admin_label=&#8221;Publicacions&#8221; module_class=&#8221;grid-etiquetes&#8221; _builder_version=&#8221;4.27.5&#8243; _module_preset=&#8221;default&#8221; header_level=&#8221;h3&#8243; header_font=&#8221;&#8211;et_global_heading_font|500|||||||&#8221; header_font_size=&#8221;25px&#8221; header_line_height=&#8221;1.3em&#8221; header_font_size_tablet=&#8221;20px&#8221; header_font_size_phone=&#8221;20px&#8221; header_font_size_last_edited=&#8221;on|tablet&#8221; global_colors_info=&#8221;{}&#8221;][\/et_pb_blog][\/et_pb_column][\/et_pb_row][\/et_pb_section]<\/p>\n","protected":false},"excerpt":{"rendered":"<p>Descobriu l&#8217;actualitat en formaci\u00f3 SAP de Cecot: not\u00edcies, cursos, novetats i continguts clau per a empreses i professionals que treballen amb SAP.<\/p>\n","protected":false},"author":4,"featured_media":3273,"parent":0,"menu_order":0,"comment_status":"closed","ping_status":"closed","template":"","meta":{"_et_pb_use_builder":"on","_et_pb_old_content":"","_et_gb_content_width":"","inline_featured_image":false,"footnotes":""},"class_list":["post-3272","page","type-page","status-publish","has-post-thumbnail","hentry"],"yoast_head":"<!-- This site is optimized with the Yoast SEO plugin v27.1.1 - https:\/\/yoast.com\/product\/yoast-seo-wordpress\/ -->\n<title>Actualitat SAP Cecot | Not\u00edcies i formaci\u00f3 a SAP<\/title>\n<meta name=\"description\" content=\"Descobriu l&#039;actualitat en formaci\u00f3 SAP de Cecot: not\u00edcies, cursos, novetats i continguts clau per a empreses i professionals que treballen amb SAP.\" \/>\n<meta name=\"robots\" content=\"index, follow, max-snippet:-1, max-image-preview:large, max-video-preview:-1\" \/>\n<link rel=\"canonical\" href=\"https:\/\/sap.cecot.org\/actualidad-formacion-sap-cecot\/\" \/>\n<meta property=\"og:locale\" content=\"ca_ES\" \/>\n<meta property=\"og:type\" content=\"article\" \/>\n<meta property=\"og:title\" content=\"Actualitat SAP Cecot | Not\u00edcies i formaci\u00f3 a SAP\" \/>\n<meta property=\"og:description\" content=\"Descobriu l&#039;actualitat en formaci\u00f3 SAP de Cecot: not\u00edcies, cursos, novetats i continguts clau per a empreses i professionals que treballen amb SAP.\" \/>\n<meta property=\"og:url\" content=\"https:\/\/sap.cecot.org\/actualidad-formacion-sap-cecot\/\" \/>\n<meta property=\"og:site_name\" content=\"Cecot \u00b7 SAP\" \/>\n<meta property=\"article:modified_time\" content=\"2026-04-24T12:45:35+00:00\" \/>\n<meta property=\"og:image\" content=\"https:\/\/sap.cecot.org\/wp-content\/uploads\/2026\/01\/cecot-sap-banner-general.jpg\" \/>\n\t<meta property=\"og:image:width\" content=\"600\" \/>\n\t<meta property=\"og:image:height\" content=\"338\" \/>\n\t<meta property=\"og:image:type\" content=\"image\/jpeg\" \/>\n<meta name=\"twitter:card\" content=\"summary_large_image\" \/>\n<meta name=\"twitter:label1\" content=\"Temps estimat de lectura\" \/>\n\t<meta name=\"twitter:data1\" content=\"5 minuts\" \/>\n<!-- \/ Yoast SEO plugin. -->","yoast_head_json":{"title":"Actualitat SAP Cecot | Not\u00edcies i formaci\u00f3 a SAP","description":"Descobriu l'actualitat en formaci\u00f3 SAP de Cecot: not\u00edcies, cursos, novetats i continguts clau per a empreses i professionals que treballen amb SAP.","robots":{"index":"index","follow":"follow","max-snippet":"max-snippet:-1","max-image-preview":"max-image-preview:large","max-video-preview":"max-video-preview:-1"},"canonical":"https:\/\/sap.cecot.org\/actualidad-formacion-sap-cecot\/","og_locale":"ca_ES","og_type":"article","og_title":"Actualitat SAP Cecot | Not\u00edcies i formaci\u00f3 a SAP","og_description":"Descobriu l'actualitat en formaci\u00f3 SAP de Cecot: not\u00edcies, cursos, novetats i continguts clau per a empreses i professionals que treballen amb SAP.","og_url":"https:\/\/sap.cecot.org\/actualidad-formacion-sap-cecot\/","og_site_name":"Cecot \u00b7 SAP","article_modified_time":"2026-04-24T12:45:35+00:00","og_image":[{"width":600,"height":338,"url":"https:\/\/sap.cecot.org\/wp-content\/uploads\/2026\/01\/cecot-sap-banner-general.jpg","type":"image\/jpeg"}],"twitter_card":"summary_large_image","twitter_misc":{"Temps estimat de lectura":"5 minuts"},"schema":{"@context":"https:\/\/schema.org","@graph":[{"@type":"WebPage","@id":"https:\/\/sap.cecot.org\/actualidad-formacion-sap-cecot\/","url":"https:\/\/sap.cecot.org\/actualidad-formacion-sap-cecot\/","name":"Actualitat SAP Cecot | Not\u00edcies i formaci\u00f3 a SAP","isPartOf":{"@id":"https:\/\/sap.cecot.org\/#website"},"primaryImageOfPage":{"@id":"https:\/\/sap.cecot.org\/actualidad-formacion-sap-cecot\/#primaryimage"},"image":{"@id":"https:\/\/sap.cecot.org\/actualidad-formacion-sap-cecot\/#primaryimage"},"thumbnailUrl":"https:\/\/sap.cecot.org\/wp-content\/uploads\/2026\/01\/cecot-sap-banner-general.jpg","datePublished":"2025-07-10T11:45:12+00:00","dateModified":"2026-04-24T12:45:35+00:00","description":"Descobriu l'actualitat en formaci\u00f3 SAP de Cecot: not\u00edcies, cursos, novetats i continguts clau per a empreses i professionals que treballen amb SAP.","breadcrumb":{"@id":"https:\/\/sap.cecot.org\/actualidad-formacion-sap-cecot\/#breadcrumb"},"inLanguage":"ca","potentialAction":[{"@type":"ReadAction","target":["https:\/\/sap.cecot.org\/actualidad-formacion-sap-cecot\/"]}]},{"@type":"ImageObject","inLanguage":"ca","@id":"https:\/\/sap.cecot.org\/actualidad-formacion-sap-cecot\/#primaryimage","url":"https:\/\/sap.cecot.org\/wp-content\/uploads\/2026\/01\/cecot-sap-banner-general.jpg","contentUrl":"https:\/\/sap.cecot.org\/wp-content\/uploads\/2026\/01\/cecot-sap-banner-general.jpg","width":600,"height":338,"caption":"Cecot \u00b7 SAP | Formaci\u00f3n Oficial"},{"@type":"BreadcrumbList","@id":"https:\/\/sap.cecot.org\/actualidad-formacion-sap-cecot\/#breadcrumb","itemListElement":[{"@type":"ListItem","position":1,"name":"Portada","item":"https:\/\/sap.cecot.org\/"},{"@type":"ListItem","position":2,"name":"Actualitat SAP Cecot | Not\u00edcies i formaci\u00f3 a SAP"}]},{"@type":"WebSite","@id":"https:\/\/sap.cecot.org\/#website","url":"https:\/\/sap.cecot.org\/","name":"Cecot \u00b7 SAP","description":"Forma\u2019t i certifica\u2019t a SAP i impulsa la teva carrera","publisher":{"@id":"https:\/\/sap.cecot.org\/#organization"},"alternateName":"Cecot \u00b7 SAP","potentialAction":[{"@type":"SearchAction","target":{"@type":"EntryPoint","urlTemplate":"https:\/\/sap.cecot.org\/?s={search_term_string}"},"query-input":{"@type":"PropertyValueSpecification","valueRequired":true,"valueName":"search_term_string"}}],"inLanguage":"ca"},{"@type":"Organization","@id":"https:\/\/sap.cecot.org\/#organization","name":"Cecot \u00b7 SAP | Formaci\u00f3n Oficial","alternateName":"Cecot \u00b7 SAP","url":"https:\/\/sap.cecot.org\/","logo":{"@type":"ImageObject","inLanguage":"ca","@id":"https:\/\/sap.cecot.org\/#\/schema\/logo\/image\/","url":"https:\/\/sap.cecot.org\/wp-content\/uploads\/2025\/11\/cecot-sap-1.png","contentUrl":"https:\/\/sap.cecot.org\/wp-content\/uploads\/2025\/11\/cecot-sap-1.png","width":388,"height":91,"caption":"Cecot \u00b7 SAP | Formaci\u00f3n Oficial"},"image":{"@id":"https:\/\/sap.cecot.org\/#\/schema\/logo\/image\/"}}]}},"_links":{"self":[{"href":"https:\/\/sap.cecot.org\/ca\/wp-json\/wp\/v2\/pages\/3272","targetHints":{"allow":["GET"]}}],"collection":[{"href":"https:\/\/sap.cecot.org\/ca\/wp-json\/wp\/v2\/pages"}],"about":[{"href":"https:\/\/sap.cecot.org\/ca\/wp-json\/wp\/v2\/types\/page"}],"author":[{"embeddable":true,"href":"https:\/\/sap.cecot.org\/ca\/wp-json\/wp\/v2\/users\/4"}],"replies":[{"embeddable":true,"href":"https:\/\/sap.cecot.org\/ca\/wp-json\/wp\/v2\/comments?post=3272"}],"version-history":[{"count":57,"href":"https:\/\/sap.cecot.org\/ca\/wp-json\/wp\/v2\/pages\/3272\/revisions"}],"predecessor-version":[{"id":6059,"href":"https:\/\/sap.cecot.org\/ca\/wp-json\/wp\/v2\/pages\/3272\/revisions\/6059"}],"wp:featuredmedia":[{"embeddable":true,"href":"https:\/\/sap.cecot.org\/ca\/wp-json\/wp\/v2\/media\/3273"}],"wp:attachment":[{"href":"https:\/\/sap.cecot.org\/ca\/wp-json\/wp\/v2\/media?parent=3272"}],"curies":[{"name":"wp","href":"https:\/\/api.w.org\/{rel}","templated":true}]}}