{"id":4628,"date":"2026-01-09T10:14:57","date_gmt":"2026-01-09T09:14:57","guid":{"rendered":"https:\/\/sap.cecot.org\/formacio-sap-incompany-per-a-empreses-cecot\/"},"modified":"2026-02-13T12:50:57","modified_gmt":"2026-02-13T11:50:57","slug":"formacio-sap-incompany","status":"publish","type":"page","link":"https:\/\/sap.cecot.org\/ca\/formacio-sap-incompany\/","title":{"rendered":"Formaci\u00f3 SAP InCompany per a Empreses \u2013 Cecot"},"content":{"rendered":"<p>[et_pb_section fb_built=&#8221;1&#8243; admin_label=&#8221;Section&#8221; _builder_version=&#8221;4.27.4&#8243; _module_preset=&#8221;default&#8221; background_color=&#8221;gcid-c11e3e1c-7625-44a4-9a7c-93278220211b&#8221; custom_margin=&#8221;||||false|false&#8221; custom_padding=&#8221;100px||100px||true|false&#8221; da_disable_devices=&#8221;off|off|off&#8221; global_colors_info=&#8221;{%22gcid-c11e3e1c-7625-44a4-9a7c-93278220211b%22:%91%22background_color%22%93}&#8221; da_is_popup=&#8221;off&#8221; da_exit_intent=&#8221;off&#8221; da_has_close=&#8221;on&#8221; da_alt_close=&#8221;off&#8221; da_dark_close=&#8221;off&#8221; da_not_modal=&#8221;on&#8221; da_is_singular=&#8221;off&#8221; da_with_loader=&#8221;off&#8221; da_has_shadow=&#8221;on&#8221;][et_pb_row column_structure=&#8221;1_2,1_2&#8243; _builder_version=&#8221;4.27.5&#8243; _module_preset=&#8221;default&#8221; custom_padding=&#8221;0px||0px||true|false&#8221; global_colors_info=&#8221;{}&#8221;][et_pb_column type=&#8221;1_2&#8243; _builder_version=&#8221;4.27.4&#8243; _module_preset=&#8221;default&#8221; custom_padding=&#8221;||||false|false&#8221; global_colors_info=&#8221;{}&#8221;][et_pb_button button_text=&#8221;formaci\u00f3 oficial&#8221; module_class=&#8221;suisse-intl-regular, tag&#8221; _builder_version=&#8221;4.27.5&#8243; _module_preset=&#8221;default&#8221; custom_button=&#8221;on&#8221; button_text_size=&#8221;17px&#8221; button_text_color=&#8221;gcid-ccd19631-7abb-49e6-9f0a-9b56dc7a4f69&#8243; button_bg_color=&#8221;gcid-4d6d37f3-9fc0-4094-bf10-e561bb48ba3c&#8221; button_border_width=&#8221;0px&#8221; button_border_radius=&#8221;30px&#8221; button_font=&#8221;&#8211;et_global_body_font|700||on|||||&#8221; button_use_icon=&#8221;off&#8221; background_layout=&#8221;dark&#8221; custom_margin=&#8221;||15px||false|false&#8221; custom_padding=&#8221;|19px||19px|true|true&#8221; global_colors_info=&#8221;{%22gcid-4d6d37f3-9fc0-4094-bf10-e561bb48ba3c%22:%91%22button_bg_color%22,%22button_bg_color__hover%22%93,%22gcid-ccd19631-7abb-49e6-9f0a-9b56dc7a4f69%22:%91%22button_text_color%22%93}&#8221; button_bg_color__hover_enabled=&#8221;on|hover&#8221; button_bg_color__hover=&#8221;#cfe2ff&#8221; button_bg_enable_color__hover=&#8221;on&#8221;][\/et_pb_button][et_pb_heading title=&#8221;Formaci\u00f3 SAP In Company per a empreses&#8221; _builder_version=&#8221;4.27.5&#8243; _module_preset=&#8221;default&#8221; title_font=&#8221;||||||||&#8221; title_text_color=&#8221;gcid-f070c73e-7142-430a-866c-026cf3c447c1&#8243; title_font_size=&#8221;52px&#8221; title_line_height=&#8221;1.1em&#8221; custom_margin=&#8221;||0px||false|false&#8221; title_font_size_tablet=&#8221;48px&#8221; title_font_size_phone=&#8221;40px&#8221; title_font_size_last_edited=&#8221;on|tablet&#8221; global_colors_info=&#8221;{%22gcid-f070c73e-7142-430a-866c-026cf3c447c1%22:%91%22title_text_color%22%93}&#8221;][\/et_pb_heading][et_pb_heading title=&#8221;Programes SAP a mida, alineats amb les necessitats reals de la teva organitzaci\u00f3.&#8221; _builder_version=&#8221;4.27.5&#8243; _module_preset=&#8221;default&#8221; title_level=&#8221;h2&#8243; title_font=&#8221;&#8211;et_global_heading_font|500|||||||&#8221; title_text_color=&#8221;gcid-f070c73e-7142-430a-866c-026cf3c447c1&#8243; title_font_size=&#8221;32px&#8221; title_line_height=&#8221;1.3em&#8221; custom_margin=&#8221;10px||10px||false|false&#8221; title_font_size_tablet=&#8221;34px&#8221; title_font_size_phone=&#8221;25px&#8221; title_font_size_last_edited=&#8221;on|phone&#8221; global_colors_info=&#8221;{%22gcid-f070c73e-7142-430a-866c-026cf3c447c1%22:%91%22title_text_color%22%93}&#8221;][\/et_pb_heading][et_pb_code _builder_version=&#8221;4.27.5&#8243; _module_preset=&#8221;default&#8221; global_colors_info=&#8221;{}&#8221;]<\/p>\n<div class=\"btn-doble\"><!-- [et_pb_line_break_holder] -->  <a href=\"#solicitar\" class=\"btn-primer\">Sol\u00b7licitar formaci\u00f3 a mida<\/a><!-- [et_pb_line_break_holder] -->  <!-- [et_pb_line_break_holder] -->  <!-- [et_pb_line_break_holder] --><\/div>\n<p>[\/et_pb_code][et_pb_image src=&#8221;https:\/\/sap.cecot.org\/wp-content\/uploads\/2025\/12\/sap-partner-r.png&#8221; title_text=&#8221;Som SAP Partner&#8221; _builder_version=&#8221;4.27.5&#8243; _module_preset=&#8221;default&#8221; positioning=&#8221;absolute&#8221; position_origin_a=&#8221;bottom_right&#8221; position_origin_a_tablet=&#8221;bottom_right&#8221; position_origin_a_phone=&#8221;bottom_right&#8221; position_origin_a_last_edited=&#8221;on|desktop&#8221; position_origin_f_tablet=&#8221;&#8221; position_origin_f_phone=&#8221;&#8221; position_origin_f_last_edited=&#8221;on|desktop&#8221; position_origin_r_tablet=&#8221;&#8221; position_origin_r_phone=&#8221;&#8221; position_origin_r_last_edited=&#8221;on|desktop&#8221; width=&#8221;100%&#8221; max_width=&#8221;140px&#8221; positioning_tablet=&#8221;relative&#8221; positioning_phone=&#8221;relative&#8221; positioning_last_edited=&#8221;on|phone&#8221; global_colors_info=&#8221;{}&#8221;][\/et_pb_image][\/et_pb_column][et_pb_column type=&#8221;1_2&#8243; _builder_version=&#8221;4.27.4&#8243; _module_preset=&#8221;default&#8221; global_colors_info=&#8221;{}&#8221;][et_pb_image src=&#8221;https:\/\/sap.cecot.org\/wp-content\/uploads\/\/2026\/01\/ill-sap-cecot_incompany.svg&#8221; alt=&#8221;Recursos Humans&#8221; title_text=&#8221;In Company&#8221; align=&#8221;center&#8221; disabled_on=&#8221;on|off|off&#8221; _builder_version=&#8221;4.27.5&#8243; _module_preset=&#8221;default&#8221; max_width=&#8221;585px&#8221; module_alignment=&#8221;center&#8221; global_colors_info=&#8221;{}&#8221;][\/et_pb_image][\/et_pb_column][\/et_pb_row][\/et_pb_section][et_pb_section fb_built=&#8221;1&#8243; disabled_on=&#8221;off|off|off&#8221; admin_label=&#8221;Section&#8221; module_id=&#8221;solicitar&#8221; _builder_version=&#8221;4.27.5&#8243; _module_preset=&#8221;default&#8221; custom_margin=&#8221;||||false|false&#8221; custom_padding=&#8221;50px||50px||false|false&#8221; da_popup_slug=&#8221;solicitar&#8221; da_disable_devices=&#8221;off|off|off&#8221; global_colors_info=&#8221;{}&#8221; da_is_popup=&#8221;off&#8221; da_exit_intent=&#8221;off&#8221; da_has_close=&#8221;on&#8221; da_alt_close=&#8221;off&#8221; da_dark_close=&#8221;off&#8221; da_not_modal=&#8221;on&#8221; da_is_singular=&#8221;off&#8221; da_with_loader=&#8221;off&#8221; da_has_shadow=&#8221;on&#8221;][et_pb_row column_structure=&#8221;1_2,1_2&#8243; _builder_version=&#8221;4.27.5&#8243; _module_preset=&#8221;default&#8221; custom_padding=&#8221;40px||0px||false|false&#8221; global_colors_info=&#8221;{}&#8221;][et_pb_column type=&#8221;1_2&#8243; _builder_version=&#8221;4.27.4&#8243; _module_preset=&#8221;default&#8221; global_colors_info=&#8221;{}&#8221;][et_pb_heading title=&#8221;Formaci\u00f3 a mida de les teves necessitats&#8221; module_class=&#8221;suisse-intl-medium&#8221; _builder_version=&#8221;4.27.5&#8243; _module_preset=&#8221;default&#8221; title_level=&#8221;h2&#8243; title_font=&#8221;||||||||&#8221; title_text_color=&#8221;gcid-f070c73e-7142-430a-866c-026cf3c447c1&#8243; title_font_size=&#8221;36px&#8221; title_line_height=&#8221;1.2em&#8221; custom_margin=&#8221;||10px||false|false&#8221; title_font_size_tablet=&#8221;60px&#8221; title_font_size_phone=&#8221;30px&#8221; title_font_size_last_edited=&#8221;on|phone&#8221; global_colors_info=&#8221;{%22gcid-f070c73e-7142-430a-866c-026cf3c447c1%22:%91%22title_text_color%22%93}&#8221;][\/et_pb_heading][et_pb_text _builder_version=&#8221;4.27.5&#8243; _module_preset=&#8221;default&#8221; text_font=&#8221;||||||||&#8221; text_text_color=&#8221;gcid-f070c73e-7142-430a-866c-026cf3c447c1&#8243; text_line_height=&#8221;1.4em&#8221; custom_margin=&#8221;||||false|false&#8221; custom_padding=&#8221;||2px|||&#8221; text_font_size_tablet=&#8221;&#8221; text_font_size_phone=&#8221;18px&#8221; text_font_size_last_edited=&#8221;on|phone&#8221; global_colors_info=&#8221;{%22gcid-f070c73e-7142-430a-866c-026cf3c447c1%22:%91%22text_text_color%22%93}&#8221;]<\/p>\n<p><b><span data-olk-copy-source=\"MessageBody\">La formaci\u00f3 \u00e9s un eix estrat\u00e8gic per al desenvolupament i la competitivitat de qualsevol empresa. A Cecot t&#8217;ho posem f\u00e0cil. <\/span><\/b><\/p>\n<p><span>Dissenyem propostes formatives a mida, alineades amb les necessitats reals de la teva <strong>organitzaci\u00f3<\/strong>, perqu\u00e8 els teus equips disposin de les <strong>eines t\u00e8cniques i competencials<\/strong> necess\u00e0ries per desenvolupar-ne tot el potencial. D&#8217;aquesta manera contribu\u00efm tant a la millora del <strong>rendiment <\/strong>com a la <strong>satisfacci\u00f3 <\/strong>i el comprom\u00eds de les persones que formen part de l&#8217;empresa. <\/span><\/p>\n<p><span>El nostre equip especialitzat en <strong>consultoria <\/strong>de formaci\u00f3 adapta cada programa al teu context empresarial i pot acompanyar-te en processos d&#8217;especialitzaci\u00f3, com ara la formaci\u00f3 a SAP, de la m\u00e0 de formadors experts i amb \u00e0mplia experi\u00e8ncia.<\/span><\/p>\n<p>[\/et_pb_text][\/et_pb_column][et_pb_column type=&#8221;1_2&#8243; _builder_version=&#8221;4.27.5&#8243; _module_preset=&#8221;default&#8221; background_color=&#8221;gcid-5de7cf3c-0d9a-4aa6-be9a-11c40fe40fec&#8221; custom_padding=&#8221;25px|25px|25px|25px|true|true&#8221; border_radii=&#8221;on|10px|10px|10px|10px&#8221; border_width_all=&#8221;2px&#8221; border_color_all=&#8221;gcid-secondary-color&#8221; global_colors_info=&#8221;{%22gcid-5de7cf3c-0d9a-4aa6-be9a-11c40fe40fec%22:%91%22background_color%22%93,%22gcid-secondary-color%22:%91%22border_color_all%22%93}&#8221;][et_pb_heading title=&#8221;Demana una proposta de formaci\u00f3&#8221; module_class=&#8221;suisse-intl-medium&#8221; _builder_version=&#8221;4.27.5&#8243; _module_preset=&#8221;default&#8221; title_level=&#8221;h2&#8243; title_font=&#8221;||||||||&#8221; title_text_align=&#8221;left&#8221; title_text_color=&#8221;#000000&#8243; title_font_size=&#8221;28px&#8221; title_line_height=&#8221;1.2em&#8221; max_width=&#8221;900px&#8221; module_alignment=&#8221;center&#8221; custom_margin=&#8221;0px||10px||false|false&#8221; custom_padding=&#8221;0px||||false|false&#8221; title_font_size_tablet=&#8221;34px&#8221; title_font_size_phone=&#8221;30px&#8221; title_font_size_last_edited=&#8221;on|phone&#8221; global_colors_info=&#8221;{}&#8221;][\/et_pb_heading][et_pb_text ul_item_indent=&#8221;23px&#8221; _builder_version=&#8221;4.27.5&#8243; _module_preset=&#8221;default&#8221; text_text_color=&#8221;gcid-heading-color&#8221; text_font_size=&#8221;19px&#8221; text_line_height=&#8221;1.5em&#8221; global_colors_info=&#8221;{%22gcid-heading-color%22:%91%22text_text_color%22%93}&#8221;]<\/p>\n<p>Explica&#8217;ns les teves necessitats i et prepararem una proposta de formaci\u00f3 SAP totalment adaptada a la teva empresa.<\/p>\n<p>[\/et_pb_text][et_pb_code _builder_version=&#8221;4.27.5&#8243; _module_preset=&#8221;default&#8221; max_width=&#8221;900px&#8221; hover_enabled=&#8221;0&#8243; global_colors_info=&#8221;{}&#8221; sticky_enabled=&#8221;0&#8243;]<\/p>\n<style><!-- [et_pb_line_break_holder] -->  .formulari-iframe { width:100%; border:0; background:transparent; }<!-- [et_pb_line_break_holder] -->  .formulari-iframe.formulari-cursos { height:501px; }<!-- [et_pb_line_break_holder] -->  .formulari-iframe.formulari-incompany { height:570px; }<!-- [et_pb_line_break_holder] --><!-- [et_pb_line_break_holder] -->  @media (max-width:768px){<!-- [et_pb_line_break_holder] -->    .formulari-iframe.formulari-cursos { height:701px; }<!-- [et_pb_line_break_holder] -->    .formulari-iframe.formulari-incompany { height:840px; }<!-- [et_pb_line_break_holder] -->  }<!-- [et_pb_line_break_holder] --><\/style>\n<p><!-- [et_pb_line_break_holder] --><!-- [et_pb_line_break_holder] --><iframe<!-- [et_pb_line_break_holder] -->  id=&#8221;iframe-incompany&#8221;<!-- [et_pb_line_break_holder] -->  class=&#8221;formulari-iframe formulari-incompany&#8221;<!-- [et_pb_line_break_holder] -->  src=&#8221;about:blank&#8221;<!-- [et_pb_line_break_holder] -->  loading=&#8221;eager&#8221;<!-- [et_pb_line_break_holder] -->  title=&#8221;Formulari Incompany&#8221;<!-- [et_pb_line_break_holder] -->  sandbox=&#8221;allow-forms allow-scripts allow-same-origin allow-popups&#8221;><!-- [et_pb_line_break_holder] --><\/iframe><!-- [et_pb_line_break_holder] --><!-- [et_pb_line_break_holder] --><script><!-- [et_pb_line_break_holder] -->(function () {<!-- [et_pb_line_break_holder] -->  var iframe = document.getElementById('iframe-incompany');<!-- [et_pb_line_break_holder] -->  if (!iframe) return;<!-- [et_pb_line_break_holder] --><!-- [et_pb_line_break_holder] -->  iframe.src =<!-- [et_pb_line_break_holder] -->    'https:\/\/sap.cecot.org\/phpmailer-formularis\/index-ca.html?view=incompany' +<!-- [et_pb_line_break_holder] -->    '&lang=ca' +<!-- [et_pb_line_break_holder] -->    '&v=' + Date.now();<!-- [et_pb_line_break_holder] -->})();<!-- [et_pb_line_break_holder] --><\/script><!-- [et_pb_line_break_holder] -->[\/et_pb_code][\/et_pb_column][\/et_pb_row][\/et_pb_section]<\/p>\n","protected":false},"excerpt":{"rendered":"<p>Descobreix la formaci\u00f3 SAP InCompany per a empreses de Cecot Formaci\u00f3: programes a mida alineats amb necessitats reals i bonificables per FUNDAE.<\/p>\n","protected":false},"author":5,"featured_media":4629,"parent":0,"menu_order":0,"comment_status":"closed","ping_status":"closed","template":"","meta":{"_et_pb_use_builder":"on","_et_pb_old_content":"","_et_gb_content_width":"","inline_featured_image":false,"footnotes":""},"class_list":["post-4628","page","type-page","status-publish","has-post-thumbnail","hentry"],"yoast_head":"<!-- This site is optimized with the Yoast SEO plugin v27.1.1 - https:\/\/yoast.com\/product\/yoast-seo-wordpress\/ -->\n<title>Formaci\u00f3 SAP InCompany per a Empreses \u2013 Cecot<\/title>\n<meta name=\"description\" content=\"Transforma el teu equip amb formaci\u00f3 SAP Incompany per a empreses: solucions eficaces i pr\u00e0ctiques per a lentorn laboral real.\" \/>\n<meta name=\"robots\" content=\"index, follow, max-snippet:-1, max-image-preview:large, max-video-preview:-1\" \/>\n<link rel=\"canonical\" href=\"https:\/\/sap.cecot.org\/formacion-sap-incompany\/\" \/>\n<meta property=\"og:locale\" content=\"ca_ES\" \/>\n<meta property=\"og:type\" content=\"article\" \/>\n<meta property=\"og:title\" content=\"Formaci\u00f3 SAP InCompany per a Empreses \u2013 Cecot\" \/>\n<meta property=\"og:description\" content=\"Transforma el teu equip amb formaci\u00f3 SAP Incompany per a empreses: solucions eficaces i pr\u00e0ctiques per a lentorn laboral real.\" \/>\n<meta property=\"og:url\" content=\"https:\/\/sap.cecot.org\/formacion-sap-incompany\/\" \/>\n<meta property=\"og:site_name\" content=\"Cecot \u00b7 SAP\" \/>\n<meta property=\"article:modified_time\" content=\"2026-02-13T11:50:57+00:00\" \/>\n<meta property=\"og:image\" content=\"https:\/\/sap.cecot.org\/wp-content\/uploads\/2025\/11\/cecot-min_formacio.png\" \/>\n\t<meta property=\"og:image:width\" content=\"635\" \/>\n\t<meta property=\"og:image:height\" content=\"325\" \/>\n\t<meta property=\"og:image:type\" content=\"image\/png\" \/>\n<meta name=\"twitter:card\" content=\"summary_large_image\" \/>\n<meta name=\"twitter:label1\" content=\"Temps estimat de lectura\" \/>\n\t<meta name=\"twitter:data1\" content=\"2 minuts\" \/>\n<!-- \/ Yoast SEO plugin. -->","yoast_head_json":{"title":"Formaci\u00f3 SAP InCompany per a Empreses \u2013 Cecot","description":"Transforma el teu equip amb formaci\u00f3 SAP Incompany per a empreses: solucions eficaces i pr\u00e0ctiques per a lentorn laboral real.","robots":{"index":"index","follow":"follow","max-snippet":"max-snippet:-1","max-image-preview":"max-image-preview:large","max-video-preview":"max-video-preview:-1"},"canonical":"https:\/\/sap.cecot.org\/formacion-sap-incompany\/","og_locale":"ca_ES","og_type":"article","og_title":"Formaci\u00f3 SAP InCompany per a Empreses \u2013 Cecot","og_description":"Transforma el teu equip amb formaci\u00f3 SAP Incompany per a empreses: solucions eficaces i pr\u00e0ctiques per a lentorn laboral real.","og_url":"https:\/\/sap.cecot.org\/formacion-sap-incompany\/","og_site_name":"Cecot \u00b7 SAP","article_modified_time":"2026-02-13T11:50:57+00:00","og_image":[{"width":635,"height":325,"url":"https:\/\/sap.cecot.org\/wp-content\/uploads\/2025\/11\/cecot-min_formacio.png","type":"image\/png"}],"twitter_card":"summary_large_image","twitter_misc":{"Temps estimat de lectura":"2 minuts"},"schema":{"@context":"https:\/\/schema.org","@graph":[{"@type":"WebPage","@id":"https:\/\/sap.cecot.org\/formacion-sap-incompany\/","url":"https:\/\/sap.cecot.org\/formacion-sap-incompany\/","name":"Formaci\u00f3 SAP InCompany per a Empreses \u2013 Cecot","isPartOf":{"@id":"https:\/\/sap.cecot.org\/#website"},"primaryImageOfPage":{"@id":"https:\/\/sap.cecot.org\/formacion-sap-incompany\/#primaryimage"},"image":{"@id":"https:\/\/sap.cecot.org\/formacion-sap-incompany\/#primaryimage"},"thumbnailUrl":"https:\/\/sap.cecot.org\/wp-content\/uploads\/2025\/11\/cecot-min_formacio.png","datePublished":"2026-01-09T09:14:57+00:00","dateModified":"2026-02-13T11:50:57+00:00","description":"Transforma el teu equip amb formaci\u00f3 SAP Incompany per a empreses: solucions eficaces i pr\u00e0ctiques per a lentorn laboral real.","breadcrumb":{"@id":"https:\/\/sap.cecot.org\/formacion-sap-incompany\/#breadcrumb"},"inLanguage":"ca","potentialAction":[{"@type":"ReadAction","target":["https:\/\/sap.cecot.org\/formacion-sap-incompany\/"]}]},{"@type":"ImageObject","inLanguage":"ca","@id":"https:\/\/sap.cecot.org\/formacion-sap-incompany\/#primaryimage","url":"https:\/\/sap.cecot.org\/wp-content\/uploads\/2025\/11\/cecot-min_formacio.png","contentUrl":"https:\/\/sap.cecot.org\/wp-content\/uploads\/2025\/11\/cecot-min_formacio.png","width":635,"height":325,"caption":"Sesi\u00f3n de formaci\u00f3n profesional en un entorno moderno y colaborativo."},{"@type":"BreadcrumbList","@id":"https:\/\/sap.cecot.org\/formacion-sap-incompany\/#breadcrumb","itemListElement":[{"@type":"ListItem","position":1,"name":"Portada","item":"https:\/\/sap.cecot.org\/"},{"@type":"ListItem","position":2,"name":"Formaci\u00f3 SAP InCompany per a Empreses \u2013 Cecot"}]},{"@type":"WebSite","@id":"https:\/\/sap.cecot.org\/#website","url":"https:\/\/sap.cecot.org\/","name":"Cecot \u00b7 SAP","description":"Forma\u2019t i certifica\u2019t a SAP i impulsa la teva carrera","publisher":{"@id":"https:\/\/sap.cecot.org\/#organization"},"alternateName":"Cecot \u00b7 SAP","potentialAction":[{"@type":"SearchAction","target":{"@type":"EntryPoint","urlTemplate":"https:\/\/sap.cecot.org\/?s={search_term_string}"},"query-input":{"@type":"PropertyValueSpecification","valueRequired":true,"valueName":"search_term_string"}}],"inLanguage":"ca"},{"@type":"Organization","@id":"https:\/\/sap.cecot.org\/#organization","name":"Cecot \u00b7 SAP | Formaci\u00f3n Oficial","alternateName":"Cecot \u00b7 SAP","url":"https:\/\/sap.cecot.org\/","logo":{"@type":"ImageObject","inLanguage":"ca","@id":"https:\/\/sap.cecot.org\/#\/schema\/logo\/image\/","url":"https:\/\/sap.cecot.org\/wp-content\/uploads\/2025\/11\/cecot-sap-1.png","contentUrl":"https:\/\/sap.cecot.org\/wp-content\/uploads\/2025\/11\/cecot-sap-1.png","width":388,"height":91,"caption":"Cecot \u00b7 SAP | Formaci\u00f3n Oficial"},"image":{"@id":"https:\/\/sap.cecot.org\/#\/schema\/logo\/image\/"}}]}},"_links":{"self":[{"href":"https:\/\/sap.cecot.org\/ca\/wp-json\/wp\/v2\/pages\/4628","targetHints":{"allow":["GET"]}}],"collection":[{"href":"https:\/\/sap.cecot.org\/ca\/wp-json\/wp\/v2\/pages"}],"about":[{"href":"https:\/\/sap.cecot.org\/ca\/wp-json\/wp\/v2\/types\/page"}],"author":[{"embeddable":true,"href":"https:\/\/sap.cecot.org\/ca\/wp-json\/wp\/v2\/users\/5"}],"replies":[{"embeddable":true,"href":"https:\/\/sap.cecot.org\/ca\/wp-json\/wp\/v2\/comments?post=4628"}],"version-history":[{"count":9,"href":"https:\/\/sap.cecot.org\/ca\/wp-json\/wp\/v2\/pages\/4628\/revisions"}],"predecessor-version":[{"id":4781,"href":"https:\/\/sap.cecot.org\/ca\/wp-json\/wp\/v2\/pages\/4628\/revisions\/4781"}],"wp:featuredmedia":[{"embeddable":true,"href":"https:\/\/sap.cecot.org\/ca\/wp-json\/wp\/v2\/media\/4629"}],"wp:attachment":[{"href":"https:\/\/sap.cecot.org\/ca\/wp-json\/wp\/v2\/media?parent=4628"}],"curies":[{"name":"wp","href":"https:\/\/api.w.org\/{rel}","templated":true}]}}