{"id":5760,"date":"2026-02-26T15:48:13","date_gmt":"2026-02-26T14:48:13","guid":{"rendered":"https:\/\/sap.cecot.org\/?page_id=5760"},"modified":"2026-02-27T08:38:36","modified_gmt":"2026-02-27T07:38:36","slug":"webinar-sap-cecot-ausape","status":"publish","type":"page","link":"https:\/\/sap.cecot.org\/ca\/webinar-sap-cecot-ausape\/","title":{"rendered":"Impulsa tu futuro profesional"},"content":{"rendered":"<p>[et_pb_section fb_built=&#8221;1&#8243; disabled_on=&#8221;off|off|off&#8221; admin_label=&#8221;Section&#8221; module_id=&#8221;solicitar&#8221; _builder_version=&#8221;4.27.5&#8243; _module_preset=&#8221;default&#8221; custom_margin=&#8221;||||false|false&#8221; custom_padding=&#8221;50px||50px||false|false&#8221; da_popup_slug=&#8221;solicitar&#8221; da_disable_devices=&#8221;off|off|off&#8221; global_colors_info=&#8221;{}&#8221; da_is_popup=&#8221;off&#8221; da_exit_intent=&#8221;off&#8221; da_has_close=&#8221;on&#8221; da_alt_close=&#8221;off&#8221; da_dark_close=&#8221;off&#8221; da_not_modal=&#8221;on&#8221; da_is_singular=&#8221;off&#8221; da_with_loader=&#8221;off&#8221; da_has_shadow=&#8221;on&#8221;][et_pb_row column_structure=&#8221;1_2,1_2&#8243; _builder_version=&#8221;4.27.5&#8243; _module_preset=&#8221;default&#8221; custom_padding=&#8221;0px||0px||false|false&#8221; global_colors_info=&#8221;{}&#8221;][et_pb_column type=&#8221;1_2&#8243; _builder_version=&#8221;4.27.4&#8243; _module_preset=&#8221;default&#8221; global_colors_info=&#8221;{}&#8221;][et_pb_button button_text=&#8221;formaci\u00f3n oficial&#8221; module_class=&#8221;suisse-intl-regular, tag&#8221; _builder_version=&#8221;4.27.5&#8243; _module_preset=&#8221;default&#8221; custom_button=&#8221;on&#8221; button_text_size=&#8221;17px&#8221; button_text_color=&#8221;gcid-ccd19631-7abb-49e6-9f0a-9b56dc7a4f69&#8243; button_bg_color=&#8221;gcid-4d6d37f3-9fc0-4094-bf10-e561bb48ba3c&#8221; button_border_width=&#8221;0px&#8221; button_border_radius=&#8221;30px&#8221; button_font=&#8221;&#8211;et_global_body_font|700||on|||||&#8221; button_use_icon=&#8221;off&#8221; background_layout=&#8221;dark&#8221; custom_margin=&#8221;||15px||false|false&#8221; custom_padding=&#8221;|19px||19px|true|true&#8221; global_colors_info=&#8221;{%22gcid-4d6d37f3-9fc0-4094-bf10-e561bb48ba3c%22:%91%22button_bg_color%22,%22button_bg_color__hover%22%93,%22gcid-ccd19631-7abb-49e6-9f0a-9b56dc7a4f69%22:%91%22button_text_color%22%93}&#8221; button_bg_color__hover_enabled=&#8221;on|hover&#8221; button_bg_color__hover=&#8221;#cfe2ff&#8221; button_bg_enable_color__hover=&#8221;on&#8221;][\/et_pb_button][et_pb_heading title=&#8221;Impulsa tu futuro profesional con SAP&#8221; _builder_version=&#8221;4.27.5&#8243; _module_preset=&#8221;default&#8221; title_font=&#8221;||||||||&#8221; title_text_color=&#8221;gcid-f070c73e-7142-430a-866c-026cf3c447c1&#8243; title_font_size=&#8221;52px&#8221; title_line_height=&#8221;1.1em&#8221; custom_margin=&#8221;||0px||false|false&#8221; title_font_size_tablet=&#8221;48px&#8221; title_font_size_phone=&#8221;40px&#8221; title_font_size_last_edited=&#8221;on|tablet&#8221; global_colors_info=&#8221;{%22gcid-f070c73e-7142-430a-866c-026cf3c447c1%22:%91%22title_text_color%22%93}&#8221;][\/et_pb_heading][et_pb_text _builder_version=&#8221;4.27.5&#8243; _module_preset=&#8221;default&#8221; text_font=&#8221;||||||||&#8221; text_text_color=&#8221;gcid-f070c73e-7142-430a-866c-026cf3c447c1&#8243; text_line_height=&#8221;1.4em&#8221; custom_margin=&#8221;||||false|false&#8221; custom_padding=&#8221;||2px|||&#8221; hover_enabled=&#8221;0&#8243; text_font_size_tablet=&#8221;&#8221; text_font_size_phone=&#8221;18px&#8221; text_font_size_last_edited=&#8221;on|phone&#8221; global_colors_info=&#8221;{%22gcid-f070c73e-7142-430a-866c-026cf3c447c1%22:%91%22text_text_color%22%93}&#8221; sticky_enabled=&#8221;0&#8243;]<\/p>\n<p><span>En este webinar descubriras:<\/span><\/p>\n<p><span>\u2705 Qu\u00e9 certificaciones SAP impartimos y cu\u00e1l se adapta mejor a tu perfil<\/span><br \/><span>\u2705 C\u00f3mo prepararte para superar con \u00e9xito los ex\u00e1menes oficiales<\/span><br \/><span>\u2705 Qu\u00e9 oportunidades profesionales se abren al certificarte<\/span><br \/><span>\u2705 Toda la informaci\u00f3n pr\u00e1ctica para iniciar tu formaci\u00f3n<\/span><\/p>\n<p><span>Adem\u00e1s, los asistentes disfrutar\u00e1n de descuentos especiales exclusivos en los programas de formaci\u00f3n SAP.<\/span><\/p>\n<p>[\/et_pb_text][\/et_pb_column][et_pb_column type=&#8221;1_2&#8243; _builder_version=&#8221;4.27.5&#8243; _module_preset=&#8221;default&#8221; background_color=&#8221;gcid-5de7cf3c-0d9a-4aa6-be9a-11c40fe40fec&#8221; custom_padding=&#8221;25px|25px|25px|25px|true|true&#8221; border_radii=&#8221;on|10px|10px|10px|10px&#8221; border_width_all=&#8221;2px&#8221; border_color_all=&#8221;gcid-secondary-color&#8221; global_colors_info=&#8221;{%22gcid-5de7cf3c-0d9a-4aa6-be9a-11c40fe40fec%22:%91%22background_color%22%93,%22gcid-secondary-color%22:%91%22border_color_all%22%93}&#8221;][et_pb_heading title=&#8221;Inscr\u00edbete ahora y asegura tu plaza&#8221; module_class=&#8221;suisse-intl-medium&#8221; _builder_version=&#8221;4.27.5&#8243; _module_preset=&#8221;default&#8221; title_level=&#8221;h2&#8243; title_font=&#8221;||||||||&#8221; title_text_align=&#8221;left&#8221; title_text_color=&#8221;#000000&#8243; title_font_size=&#8221;28px&#8221; title_line_height=&#8221;1.2em&#8221; max_width=&#8221;900px&#8221; module_alignment=&#8221;center&#8221; custom_margin=&#8221;0px||10px||false|false&#8221; custom_padding=&#8221;0px||||false|false&#8221; title_font_size_tablet=&#8221;34px&#8221; title_font_size_phone=&#8221;30px&#8221; title_font_size_last_edited=&#8221;on|phone&#8221; global_colors_info=&#8221;{}&#8221;][\/et_pb_heading][et_pb_code _builder_version=&#8221;4.27.5&#8243; _module_preset=&#8221;default&#8221; max_width=&#8221;900px&#8221; global_colors_info=&#8221;{}&#8221;]<\/p>\n<style><!-- [et_pb_line_break_holder] -->  .iframe-webinar{<!-- [et_pb_line_break_holder] -->    display:block;<!-- [et_pb_line_break_holder] -->    width:100%;<!-- [et_pb_line_break_holder] -->    height:600px; \/* escritorio *\/<!-- [et_pb_line_break_holder] -->    border:0;<!-- [et_pb_line_break_holder] -->  }<!-- [et_pb_line_break_holder] -->  @media (max-width: 768px){<!-- [et_pb_line_break_holder] -->    .iframe-webinar{<!-- [et_pb_line_break_holder] -->      height:900px; \/* m\u00f3vil *\/<!-- [et_pb_line_break_holder] -->    }<!-- [et_pb_line_break_holder] -->  }<!-- [et_pb_line_break_holder] --><\/style>\n<p><!-- [et_pb_line_break_holder] --><!-- [et_pb_line_break_holder] --><iframe<!-- [et_pb_line_break_holder] -->  class=&#8221;iframe-webinar&#8221;<!-- [et_pb_line_break_holder] -->  src=&#8221;https:\/\/sap.cecot.org\/phpmailer-formularis-webinar\/index.html&#8221;<!-- [et_pb_line_break_holder] -->  loading=&#8221;lazy&#8221;<!-- [et_pb_line_break_holder] -->  title=&#8221;Formulario webinar&#8221;<!-- [et_pb_line_break_holder] -->><\/iframe>[\/et_pb_code][\/et_pb_column][\/et_pb_row][\/et_pb_section]<\/p>\n","protected":false},"excerpt":{"rendered":"<p>En este webinar descubriras: \u2705 Qu\u00e9 certificaciones SAP impartimos y cu\u00e1l se adapta mejor a tu perfil\u2705 C\u00f3mo prepararte para superar con \u00e9xito los ex\u00e1menes oficiales\u2705 Qu\u00e9 oportunidades profesionales se abren al certificarte\u2705 Toda la informaci\u00f3n pr\u00e1ctica para iniciar tu formaci\u00f3n Adem\u00e1s, los asistentes disfrutar\u00e1n de descuentos especiales exclusivos en los programas de formaci\u00f3n SAP.<\/p>\n","protected":false},"author":5,"featured_media":4896,"parent":0,"menu_order":0,"comment_status":"closed","ping_status":"closed","template":"","meta":{"_et_pb_use_builder":"on","_et_pb_old_content":"","_et_gb_content_width":"","inline_featured_image":false,"footnotes":""},"class_list":["post-5760","page","type-page","status-publish","has-post-thumbnail","hentry"],"yoast_head":"<!-- This site is optimized with the Yoast SEO plugin v27.1.1 - https:\/\/yoast.com\/product\/yoast-seo-wordpress\/ -->\n<title>Impulsa tu futuro profesional | Cecot \u00b7 SAP<\/title>\n<meta name=\"description\" content=\"Webinar SAP Cecot AUSAPE para impulsar la transformaci\u00f3n digital de tu empresa. Descubre casos pr\u00e1cticos, soluciones SAP y oportunidades de mejora.\" \/>\n<meta name=\"robots\" content=\"index, follow, max-snippet:-1, max-image-preview:large, max-video-preview:-1\" \/>\n<link rel=\"canonical\" href=\"https:\/\/sap.cecot.org\/webinar-sap-cecot-ausape\/\" \/>\n<meta property=\"og:locale\" content=\"ca_ES\" \/>\n<meta property=\"og:type\" content=\"article\" \/>\n<meta property=\"og:title\" content=\"Impulsa tu futuro profesional | Cecot \u00b7 SAP\" \/>\n<meta property=\"og:description\" content=\"Webinar SAP Cecot AUSAPE para impulsar la transformaci\u00f3n digital de tu empresa. Descubre casos pr\u00e1cticos, soluciones SAP y oportunidades de mejora.\" \/>\n<meta property=\"og:url\" content=\"https:\/\/sap.cecot.org\/webinar-sap-cecot-ausape\/\" \/>\n<meta property=\"og:site_name\" content=\"Cecot \u00b7 SAP\" \/>\n<meta property=\"article:modified_time\" content=\"2026-02-27T07:38:36+00:00\" \/>\n<meta property=\"og:image\" content=\"https:\/\/sap.cecot.org\/wp-content\/uploads\/2026\/02\/minSAP_min-sap.jpg\" \/>\n\t<meta property=\"og:image:width\" content=\"600\" \/>\n\t<meta property=\"og:image:height\" content=\"338\" \/>\n\t<meta property=\"og:image:type\" content=\"image\/jpeg\" \/>\n<meta name=\"twitter:card\" content=\"summary_large_image\" \/>\n<meta name=\"twitter:label1\" content=\"Temps estimat de lectura\" \/>\n\t<meta name=\"twitter:data1\" content=\"1 minut\" \/>\n<!-- \/ Yoast SEO plugin. -->","yoast_head_json":{"title":"Impulsa tu futuro profesional | Cecot \u00b7 SAP","description":"Webinar SAP Cecot AUSAPE para impulsar la transformaci\u00f3n digital de tu empresa. Descubre casos pr\u00e1cticos, soluciones SAP y oportunidades de mejora.","robots":{"index":"index","follow":"follow","max-snippet":"max-snippet:-1","max-image-preview":"max-image-preview:large","max-video-preview":"max-video-preview:-1"},"canonical":"https:\/\/sap.cecot.org\/webinar-sap-cecot-ausape\/","og_locale":"ca_ES","og_type":"article","og_title":"Impulsa tu futuro profesional | Cecot \u00b7 SAP","og_description":"Webinar SAP Cecot AUSAPE para impulsar la transformaci\u00f3n digital de tu empresa. Descubre casos pr\u00e1cticos, soluciones SAP y oportunidades de mejora.","og_url":"https:\/\/sap.cecot.org\/webinar-sap-cecot-ausape\/","og_site_name":"Cecot \u00b7 SAP","article_modified_time":"2026-02-27T07:38:36+00:00","og_image":[{"width":600,"height":338,"url":"https:\/\/sap.cecot.org\/wp-content\/uploads\/2026\/02\/minSAP_min-sap.jpg","type":"image\/jpeg"}],"twitter_card":"summary_large_image","twitter_misc":{"Temps estimat de lectura":"1 minut"},"schema":{"@context":"https:\/\/schema.org","@graph":[{"@type":"WebPage","@id":"https:\/\/sap.cecot.org\/webinar-sap-cecot-ausape\/","url":"https:\/\/sap.cecot.org\/webinar-sap-cecot-ausape\/","name":"Impulsa tu futuro profesional | Cecot \u00b7 SAP","isPartOf":{"@id":"https:\/\/sap.cecot.org\/#website"},"primaryImageOfPage":{"@id":"https:\/\/sap.cecot.org\/webinar-sap-cecot-ausape\/#primaryimage"},"image":{"@id":"https:\/\/sap.cecot.org\/webinar-sap-cecot-ausape\/#primaryimage"},"thumbnailUrl":"https:\/\/sap.cecot.org\/wp-content\/uploads\/2026\/02\/minSAP_min-sap.jpg","datePublished":"2026-02-26T14:48:13+00:00","dateModified":"2026-02-27T07:38:36+00:00","description":"Webinar SAP Cecot AUSAPE para impulsar la transformaci\u00f3n digital de tu empresa. Descubre casos pr\u00e1cticos, soluciones SAP y oportunidades de mejora.","breadcrumb":{"@id":"https:\/\/sap.cecot.org\/webinar-sap-cecot-ausape\/#breadcrumb"},"inLanguage":"ca","potentialAction":[{"@type":"ReadAction","target":["https:\/\/sap.cecot.org\/webinar-sap-cecot-ausape\/"]}]},{"@type":"ImageObject","inLanguage":"ca","@id":"https:\/\/sap.cecot.org\/webinar-sap-cecot-ausape\/#primaryimage","url":"https:\/\/sap.cecot.org\/wp-content\/uploads\/2026\/02\/minSAP_min-sap.jpg","contentUrl":"https:\/\/sap.cecot.org\/wp-content\/uploads\/2026\/02\/minSAP_min-sap.jpg","width":600,"height":338,"caption":"Cecot \u00b7 SAP"},{"@type":"BreadcrumbList","@id":"https:\/\/sap.cecot.org\/webinar-sap-cecot-ausape\/#breadcrumb","itemListElement":[{"@type":"ListItem","position":1,"name":"Portada","item":"https:\/\/sap.cecot.org\/"},{"@type":"ListItem","position":2,"name":"Impulsa tu futuro profesional"}]},{"@type":"WebSite","@id":"https:\/\/sap.cecot.org\/#website","url":"https:\/\/sap.cecot.org\/","name":"Cecot \u00b7 SAP","description":"Forma\u2019t i certifica\u2019t a SAP i impulsa la teva carrera","publisher":{"@id":"https:\/\/sap.cecot.org\/#organization"},"alternateName":"Cecot \u00b7 SAP","potentialAction":[{"@type":"SearchAction","target":{"@type":"EntryPoint","urlTemplate":"https:\/\/sap.cecot.org\/?s={search_term_string}"},"query-input":{"@type":"PropertyValueSpecification","valueRequired":true,"valueName":"search_term_string"}}],"inLanguage":"ca"},{"@type":"Organization","@id":"https:\/\/sap.cecot.org\/#organization","name":"Cecot \u00b7 SAP | Formaci\u00f3n Oficial","alternateName":"Cecot \u00b7 SAP","url":"https:\/\/sap.cecot.org\/","logo":{"@type":"ImageObject","inLanguage":"ca","@id":"https:\/\/sap.cecot.org\/#\/schema\/logo\/image\/","url":"https:\/\/sap.cecot.org\/wp-content\/uploads\/2025\/11\/cecot-sap-1.png","contentUrl":"https:\/\/sap.cecot.org\/wp-content\/uploads\/2025\/11\/cecot-sap-1.png","width":388,"height":91,"caption":"Cecot \u00b7 SAP | Formaci\u00f3n Oficial"},"image":{"@id":"https:\/\/sap.cecot.org\/#\/schema\/logo\/image\/"}}]}},"_links":{"self":[{"href":"https:\/\/sap.cecot.org\/ca\/wp-json\/wp\/v2\/pages\/5760","targetHints":{"allow":["GET"]}}],"collection":[{"href":"https:\/\/sap.cecot.org\/ca\/wp-json\/wp\/v2\/pages"}],"about":[{"href":"https:\/\/sap.cecot.org\/ca\/wp-json\/wp\/v2\/types\/page"}],"author":[{"embeddable":true,"href":"https:\/\/sap.cecot.org\/ca\/wp-json\/wp\/v2\/users\/5"}],"replies":[{"embeddable":true,"href":"https:\/\/sap.cecot.org\/ca\/wp-json\/wp\/v2\/comments?post=5760"}],"version-history":[{"count":18,"href":"https:\/\/sap.cecot.org\/ca\/wp-json\/wp\/v2\/pages\/5760\/revisions"}],"predecessor-version":[{"id":5796,"href":"https:\/\/sap.cecot.org\/ca\/wp-json\/wp\/v2\/pages\/5760\/revisions\/5796"}],"wp:featuredmedia":[{"embeddable":true,"href":"https:\/\/sap.cecot.org\/ca\/wp-json\/wp\/v2\/media\/4896"}],"wp:attachment":[{"href":"https:\/\/sap.cecot.org\/ca\/wp-json\/wp\/v2\/media?parent=5760"}],"curies":[{"name":"wp","href":"https:\/\/api.w.org\/{rel}","templated":true}]}}